{"id":2,"date":"2024-02-24T00:11:18","date_gmt":"2024-02-24T00:11:18","guid":{"rendered":"https:\/\/mafia.factoriadelrol.es\/?page_id=2"},"modified":"2024-06-16T16:58:51","modified_gmt":"2024-06-16T16:58:51","slug":"sample-page","status":"publish","type":"page","link":"https:\/\/mafia.factoriadelrol.es\/","title":{"rendered":"Home"},"content":{"rendered":"\n<p>Bienvenidos al mundo de la Mafia, bienvenidos a La Gardu\u00f1a. Mafia en Madrid.<\/p>\n\n\n\n<blockquote class=\"wp-block-quote is-layout-flow wp-block-quote-is-layout-flow\">\n<p>\u00ab<strong>La Gardu\u00f1a<\/strong>\u00a0fue <mark style=\"background-color:rgba(0, 0, 0, 0)\" class=\"has-inline-color has-luminous-vivid-amber-color\">supuestamente <\/mark>una\u00a0sociedad secreta\u00a0criminal\u00a0o grupo de\u00a0crimen organizado\u00a0que habr\u00eda operado en\u00a0Espa\u00f1a\u00a0y sus colonias desde mediados del siglo\u00a0xv\u00a0hasta el siglo\u00a0xix. Toma su nombre del sigiloso animal depredador nocturno de excelente vista, o\u00eddo y olfato\u00bb<\/p>\n<cite><em>Tesoro de la Lengua Castellana o espa\u00f1ola<\/em>\u00a0de\u00a0<a href=\"https:\/\/es.wikipedia.org\/wiki\/Sebasti%C3%A1n_de_Covarrubias\">Sebasti\u00e1n de Covarrubias<\/a>\u00a0(1673)<\/cite><\/blockquote>\n\n\n\n<p>En Factor\u00eda del Rol hemos cogido parte de la rumorolog\u00eda que existe sobre la existencia de este sindicato del cr\u00edmen espa\u00f1ol y lo hemos tra\u00eddo a nuestros d\u00edas. Hemos jugado con toda la informaci\u00f3n que hemos encontrado sobre \u00e9l y hemos rellenado los huecos que quedaban con nuestra pr\u00f3pia cosecha, dandole as\u00ed m\u00e1s fuerza a la idea de trasladar todo lo que hemos encontrado sobre ella y adecuarlo a nuestros d\u00edas. <\/p>\n\n\n\n<p>Esperamos que os guste y disfrut\u00e9is de ello.<\/p>\n\n\n\n<p class=\"has-text-align-right\">Ury &amp; Pat, Factor\u00eda del Rol<strong>\u00a9<\/strong> <\/p>\n","protected":false},"excerpt":{"rendered":"<p>Bienvenidos al mundo de la Mafia, bienvenidos a La Gardu\u00f1a. Mafia en Madrid. \u00abLa Gardu\u00f1a\u00a0fue supuestamente una\u00a0sociedad secreta\u00a0criminal\u00a0o grupo de\u00a0crimen organizado\u00a0que habr\u00eda operado en\u00a0Espa\u00f1a\u00a0y sus colonias desde mediados del siglo\u00a0xv\u00a0hasta el siglo\u00a0xix. Toma su nombre del sigiloso animal depredador nocturno de excelente vista, o\u00eddo y olfato\u00bb Tesoro de la Lengua Castellana o espa\u00f1ola\u00a0de\u00a0Sebasti\u00e1n de Covarrubias\u00a0(1673) [&hellip;]<\/p>\n","protected":false},"author":1,"featured_media":0,"parent":0,"menu_order":0,"comment_status":"closed","ping_status":"closed","template":"","meta":{"footnotes":""},"class_list":["post-2","page","type-page","status-publish","hentry"],"_links":{"self":[{"href":"https:\/\/mafia.factoriadelrol.es\/index.php?rest_route=\/wp\/v2\/pages\/2","targetHints":{"allow":["GET"]}}],"collection":[{"href":"https:\/\/mafia.factoriadelrol.es\/index.php?rest_route=\/wp\/v2\/pages"}],"about":[{"href":"https:\/\/mafia.factoriadelrol.es\/index.php?rest_route=\/wp\/v2\/types\/page"}],"author":[{"embeddable":true,"href":"https:\/\/mafia.factoriadelrol.es\/index.php?rest_route=\/wp\/v2\/users\/1"}],"replies":[{"embeddable":true,"href":"https:\/\/mafia.factoriadelrol.es\/index.php?rest_route=%2Fwp%2Fv2%2Fcomments&post=2"}],"version-history":[{"count":1,"href":"https:\/\/mafia.factoriadelrol.es\/index.php?rest_route=\/wp\/v2\/pages\/2\/revisions"}],"predecessor-version":[{"id":71,"href":"https:\/\/mafia.factoriadelrol.es\/index.php?rest_route=\/wp\/v2\/pages\/2\/revisions\/71"}],"wp:attachment":[{"href":"https:\/\/mafia.factoriadelrol.es\/index.php?rest_route=%2Fwp%2Fv2%2Fmedia&parent=2"}],"curies":[{"name":"wp","href":"https:\/\/api.w.org\/{rel}","templated":true}]}}